{"id":15,"date":"2021-09-19T23:38:45","date_gmt":"2021-09-19T21:38:45","guid":{"rendered":"https:\/\/adwokat-kostecki.pl\/?page_id=15"},"modified":"2026-01-17T12:09:30","modified_gmt":"2026-01-17T11:09:30","slug":"o-mnie","status":"publish","type":"page","link":"https:\/\/adwokat-kostecki.pl\/index.php\/o-mnie\/","title":{"rendered":"O mnie"},"content":{"rendered":"<h1 style=\"text-align: center;\"><strong>Adwokat Jakub Kostecki<\/strong><\/h1>\n<p><img loading=\"lazy\" decoding=\"async\" class=\"alignnone size-medium wp-image-75 aligncenter\" src=\"https:\/\/adwokat-kostecki.pl\/wp-content\/uploads\/2023\/04\/J-1-Edit-200x300.jpg\" alt=\"\" width=\"200\" height=\"300\" srcset=\"https:\/\/adwokat-kostecki.pl\/wp-content\/uploads\/2023\/04\/J-1-Edit-200x300.jpg 200w, https:\/\/adwokat-kostecki.pl\/wp-content\/uploads\/2023\/04\/J-1-Edit-683x1024.jpg 683w, https:\/\/adwokat-kostecki.pl\/wp-content\/uploads\/2023\/04\/J-1-Edit-768x1152.jpg 768w, https:\/\/adwokat-kostecki.pl\/wp-content\/uploads\/2023\/04\/J-1-Edit-1024x1536.jpg 1024w, https:\/\/adwokat-kostecki.pl\/wp-content\/uploads\/2023\/04\/J-1-Edit.jpg 1365w\" sizes=\"auto, (max-width: 200px) 100vw, 200px\" \/><\/p>\n<p data-start=\"183\" data-end=\"449\">Swoj\u0105 drog\u0119 zawodow\u0105 zwi\u0105za\u0142em z prawem w 2010 roku, rozpoczynaj\u0105c studia na Wydziale Prawa i Administracji Uniwersytetu Szczeci\u0144skiego. Wyb\u00f3r tej uczelni mia\u0142 istotny wp\u0142yw zar\u00f3wno na kierunek mojego wykszta\u0142cenia, jak i na p\u00f3\u017aniejszy obszar dzia\u0142alno\u015bci zawodowej.<\/p>\n<p data-start=\"451\" data-end=\"732\">W 2015 roku uko\u0144czy\u0142em jednolite studia magisterskie, broni\u0105c prac\u0119 magistersk\u0105 z zakresu prawa pracy. Po zako\u0144czeniu studi\u00f3w podj\u0105\u0142em decyzj\u0119 o odbyciu aplikacji adwokackiej, w ramach kt\u00f3rej przez trzy lata zdobywa\u0142em do\u015bwiadczenie zawodowe pod patronatem do\u015bwiadczonego adwokata.<\/p>\n<p data-start=\"734\" data-end=\"1110\">W trakcie aplikacji adwokackiej prowadzi\u0142em sprawy klient\u00f3w indywidualnych oraz przedsi\u0119biorc\u00f3w, reprezentuj\u0105c ich przed s\u0105dami powszechnymi, organami administracji publicznej oraz innymi instytucjami. Zdobyte do\u015bwiadczenie pozwoli\u0142o mi na praktyczne i odpowiedzialne stosowanie prawa w sprawach wymagaj\u0105cych rzetelnej analizy oraz indywidualnego podej\u015bcia do ka\u017cdego klienta.<\/p>\n<p data-start=\"1112\" data-end=\"1399\">Po pomy\u015blnym zdaniu czterodniowego egzaminu adwokackiego obejmuj\u0105cego zagadnienia z zakresu prawa karnego, cywilnego, gospodarczego, administracyjnego oraz zasad etyki zawodowej, we wrze\u015bniu 2020 roku z\u0142o\u017cy\u0142em \u015blubowanie adwokackie i uzyska\u0142em uprawnienia do wykonywania zawodu adwokata.<\/p>\n<p data-start=\"1401\" data-end=\"1690\">Siedziba mojej Kancelarii Adwokackiej mie\u015bci si\u0119 w \u015awinouj\u015bciu. Pomoc prawn\u0105 \u015bwiadcz\u0119 tak\u017ce na terenie ca\u0142ej Polski.<\/p>\n<p data-start=\"1692\" data-end=\"1730\">Specjalizuj\u0119 si\u0119 w sprawach z zakresu:<\/p>\n<ul data-start=\"1731\" data-end=\"1848\">\n<li data-start=\"1731\" data-end=\"1747\">\n<p data-start=\"1733\" data-end=\"1747\">prawa karnego,<\/p>\n<\/li>\n<li data-start=\"1748\" data-end=\"1767\">\n<p data-start=\"1750\" data-end=\"1767\">prawa rodzinnego,<\/p>\n<\/li>\n<li data-start=\"1768\" data-end=\"1787\">\n<p data-start=\"1770\" data-end=\"1787\">prawa spadkowego,<\/p>\n<\/li>\n<li data-start=\"1788\" data-end=\"1828\">\n<p data-start=\"1790\" data-end=\"1828\">prawa pracy i ubezpiecze\u0144 spo\u0142ecznych,<\/p>\n<\/li>\n<li data-start=\"1829\" data-end=\"1848\">\n<p data-start=\"1831\" data-end=\"1848\">prawa medycznego,<\/p>\n<\/li>\n<li data-start=\"1829\" data-end=\"1848\">obs\u0142ugi przedsi\u0119biorc\u00f3w i jednostek samorz\u0105du terytorialnego.<\/li>\n<\/ul>\n<p data-start=\"1850\" data-end=\"1996\">Ka\u017cd\u0105 spraw\u0119 prowadz\u0119 z zachowaniem najwy\u017cszych standard\u00f3w zawodowych, kieruj\u0105c si\u0119 zasadami etyki adwokackiej, rzetelno\u015bci oraz pe\u0142nej poufno\u015bci.<\/p>\n<p data-start=\"1998\" data-end=\"2074\">Zapraszam do kontaktu w celu um\u00f3wienia spotkania i om\u00f3wienia Pa\u0144stwa sprawy.<\/p>\n","protected":false},"excerpt":{"rendered":"<p>Adwokat Jakub Kostecki Swoj\u0105 drog\u0119 zawodow\u0105 zwi\u0105za\u0142em z prawem w 2010 roku, rozpoczynaj\u0105c studia na Wydziale Prawa i Administracji Uniwersytetu Szczeci\u0144skiego. Wyb\u00f3r tej uczelni mia\u0142 istotny wp\u0142yw zar\u00f3wno na kierunek mojego wykszta\u0142cenia, jak i na p\u00f3\u017aniejszy obszar dzia\u0142alno\u015bci zawodowej. W 2015 roku uko\u0144czy\u0142em jednolite studia magisterskie, broni\u0105c prac\u0119 magistersk\u0105 z zakresu prawa pracy. Po zako\u0144czeniu &hellip;<\/p>\n","protected":false},"author":1,"featured_media":0,"parent":0,"menu_order":0,"comment_status":"closed","ping_status":"closed","template":"","meta":{"footnotes":""},"class_list":["post-15","page","type-page","status-publish","hentry","no-thumb"],"_links":{"self":[{"href":"https:\/\/adwokat-kostecki.pl\/index.php\/wp-json\/wp\/v2\/pages\/15","targetHints":{"allow":["GET"]}}],"collection":[{"href":"https:\/\/adwokat-kostecki.pl\/index.php\/wp-json\/wp\/v2\/pages"}],"about":[{"href":"https:\/\/adwokat-kostecki.pl\/index.php\/wp-json\/wp\/v2\/types\/page"}],"author":[{"embeddable":true,"href":"https:\/\/adwokat-kostecki.pl\/index.php\/wp-json\/wp\/v2\/users\/1"}],"replies":[{"embeddable":true,"href":"https:\/\/adwokat-kostecki.pl\/index.php\/wp-json\/wp\/v2\/comments?post=15"}],"version-history":[{"count":7,"href":"https:\/\/adwokat-kostecki.pl\/index.php\/wp-json\/wp\/v2\/pages\/15\/revisions"}],"predecessor-version":[{"id":105,"href":"https:\/\/adwokat-kostecki.pl\/index.php\/wp-json\/wp\/v2\/pages\/15\/revisions\/105"}],"wp:attachment":[{"href":"https:\/\/adwokat-kostecki.pl\/index.php\/wp-json\/wp\/v2\/media?parent=15"}],"curies":[{"name":"wp","href":"https:\/\/api.w.org\/{rel}","templated":true}]}}