{"id":19,"date":"2021-09-19T23:40:04","date_gmt":"2021-09-19T21:40:04","guid":{"rendered":"https:\/\/adwokat-kostecki.pl\/?page_id=19"},"modified":"2023-04-09T23:24:47","modified_gmt":"2023-04-09T21:24:47","slug":"sprawy","status":"publish","type":"page","link":"https:\/\/adwokat-kostecki.pl\/index.php\/sprawy\/","title":{"rendered":"Sprawy"},"content":{"rendered":"<h3 class=\"Standard\" style=\"text-align: center;\">Sprawy, kt\u00f3rymi g\u0142\u00f3wnie si\u0119 zajmuje to sprawy z zakresu:<\/h3>\n<ul>\n<li class=\"Standard\" style=\"text-align: center;\">Prawa karnego<\/li>\n<li class=\"Standard\" style=\"text-align: center;\">Prawa rodzinnego<\/li>\n<li class=\"Standard\" style=\"text-align: center;\">Prawa spadkowego<\/li>\n<li class=\"Standard\" style=\"text-align: center;\">Prawa medycznego<\/li>\n<li class=\"Standard\" style=\"text-align: center;\">Prawa cywilnego, w tym post\u0119powania cywilnego<\/li>\n<li class=\"Standard\" style=\"text-align: center;\">Prawa przedsi\u0119biorc\u00f3w<\/li>\n<li class=\"Standard\" style=\"text-align: center;\">Obs\u0142ugi przedsi\u0119biorc\u00f3w<\/li>\n<li class=\"Standard\" style=\"text-align: center;\">Obs\u0142ugi jednostek samorz\u0105du terytorialnego<\/li>\n<li class=\"Standard\" style=\"text-align: center;\">Wsp\u00f3lnot mieszkaniowych<\/li>\n<\/ul>\n","protected":false},"excerpt":{"rendered":"<p>Sprawy, kt\u00f3rymi g\u0142\u00f3wnie si\u0119 zajmuje to sprawy z zakresu: Prawa karnego Prawa rodzinnego Prawa spadkowego Prawa medycznego Prawa cywilnego, w tym post\u0119powania cywilnego Prawa przedsi\u0119biorc\u00f3w Obs\u0142ugi przedsi\u0119biorc\u00f3w Obs\u0142ugi jednostek samorz\u0105du terytorialnego Wsp\u00f3lnot mieszkaniowych<\/p>\n","protected":false},"author":1,"featured_media":0,"parent":0,"menu_order":0,"comment_status":"closed","ping_status":"closed","template":"","meta":{"footnotes":""},"class_list":["post-19","page","type-page","status-publish","hentry","no-thumb"],"_links":{"self":[{"href":"https:\/\/adwokat-kostecki.pl\/index.php\/wp-json\/wp\/v2\/pages\/19","targetHints":{"allow":["GET"]}}],"collection":[{"href":"https:\/\/adwokat-kostecki.pl\/index.php\/wp-json\/wp\/v2\/pages"}],"about":[{"href":"https:\/\/adwokat-kostecki.pl\/index.php\/wp-json\/wp\/v2\/types\/page"}],"author":[{"embeddable":true,"href":"https:\/\/adwokat-kostecki.pl\/index.php\/wp-json\/wp\/v2\/users\/1"}],"replies":[{"embeddable":true,"href":"https:\/\/adwokat-kostecki.pl\/index.php\/wp-json\/wp\/v2\/comments?post=19"}],"version-history":[{"count":3,"href":"https:\/\/adwokat-kostecki.pl\/index.php\/wp-json\/wp\/v2\/pages\/19\/revisions"}],"predecessor-version":[{"id":85,"href":"https:\/\/adwokat-kostecki.pl\/index.php\/wp-json\/wp\/v2\/pages\/19\/revisions\/85"}],"wp:attachment":[{"href":"https:\/\/adwokat-kostecki.pl\/index.php\/wp-json\/wp\/v2\/media?parent=19"}],"curies":[{"name":"wp","href":"https:\/\/api.w.org\/{rel}","templated":true}]}}