{"id":38,"date":"2021-09-21T21:43:23","date_gmt":"2021-09-21T19:43:23","guid":{"rendered":"https:\/\/adwokat-kostecki.pl\/?page_id=38"},"modified":"2026-01-17T12:25:56","modified_gmt":"2026-01-17T11:25:56","slug":"strona-glowna","status":"publish","type":"page","link":"https:\/\/adwokat-kostecki.pl\/","title":{"rendered":"Strona g\u0142\u00f3wna"},"content":{"rendered":"<p>Adwokat Jakub Kostecki &nbsp; Kancelaria Adwokacka Adwokata Jakuba Kosteckiego \u2013 profesjonalna pomoc prawna Jestem adwokatem z wieloletnim do\u015bwiadczeniem zawodowym, zdobywanym zar\u00f3wno w trakcie aplikacji adwokackiej, jak i w ramach prowadzenia w\u0142asnej praktyki. Od 2020  <a href=\"https:\/\/adwokat-kostecki.pl\/\" title=\"Read more on Strona g\u0142\u00f3wna\" class=\"more-link\">read more<\/a><\/p>\n","protected":false},"excerpt":{"rendered":"<p>Adwokat Jakub Kostecki &nbsp; Kancelaria Adwokacka Adwokata Jakuba Kosteckiego \u2013 profesjonalna pomoc prawna Jestem adwokatem z wieloletnim do\u015bwiadczeniem zawodowym, zdobywanym zar\u00f3wno w trakcie aplikacji adwokackiej, jak i w ramach prowadzenia w\u0142asnej praktyki. Od 2020 read more<\/p>\n","protected":false},"author":1,"featured_media":0,"parent":0,"menu_order":0,"comment_status":"closed","ping_status":"closed","template":"","meta":{"footnotes":""},"class_list":["post-38","page","type-page","status-publish","hentry","no-thumb"],"_links":{"self":[{"href":"https:\/\/adwokat-kostecki.pl\/index.php\/wp-json\/wp\/v2\/pages\/38","targetHints":{"allow":["GET"]}}],"collection":[{"href":"https:\/\/adwokat-kostecki.pl\/index.php\/wp-json\/wp\/v2\/pages"}],"about":[{"href":"https:\/\/adwokat-kostecki.pl\/index.php\/wp-json\/wp\/v2\/types\/page"}],"author":[{"embeddable":true,"href":"https:\/\/adwokat-kostecki.pl\/index.php\/wp-json\/wp\/v2\/users\/1"}],"replies":[{"embeddable":true,"href":"https:\/\/adwokat-kostecki.pl\/index.php\/wp-json\/wp\/v2\/comments?post=38"}],"version-history":[{"count":21,"href":"https:\/\/adwokat-kostecki.pl\/index.php\/wp-json\/wp\/v2\/pages\/38\/revisions"}],"predecessor-version":[{"id":106,"href":"https:\/\/adwokat-kostecki.pl\/index.php\/wp-json\/wp\/v2\/pages\/38\/revisions\/106"}],"wp:attachment":[{"href":"https:\/\/adwokat-kostecki.pl\/index.php\/wp-json\/wp\/v2\/media?parent=38"}],"curies":[{"name":"wp","href":"https:\/\/api.w.org\/{rel}","templated":true}]}}