{"id":90,"date":"2023-04-09T23:57:55","date_gmt":"2023-04-09T21:57:55","guid":{"rendered":"https:\/\/adwokat-kostecki.pl\/?page_id=90"},"modified":"2023-04-10T00:02:48","modified_gmt":"2023-04-09T22:02:48","slug":"klauzula-rodo","status":"publish","type":"page","link":"https:\/\/adwokat-kostecki.pl\/index.php\/klauzula-rodo\/","title":{"rendered":"Klauzula RODO"},"content":{"rendered":"<p><strong>Klauzula informacyjna dla Klient\u00f3w na podstawie przepisu art. 13 RODO<\/strong><\/p>\n<p><strong>\u2013 Rozporz\u0105dzenia Parlamentu Europejskiego i Rady (UE) 2016\/679 z dnia 27 kwietnia 2016 r. w sprawie ochrony os\u00f3b fizycznych w zwi\u0105zku z przetwarzaniem danych osobowych i w sprawie swobodnego przep\u0142ywu takich danych oraz uchylenia dyrektywy 95\/46\/WE (og\u00f3lne rozporz\u0105dzenie o ochronie danych) (Dz. U. UE. L. z 2016 r. Nr 119, str. 1).<\/strong><\/p>\n<p>&nbsp;<\/p>\n<p><strong>ADMINISTRATOR DANYCH OSOBOWYCH<\/strong><\/p>\n<p>Administratorem danych osobowych jest: Kancelaria Adwokacka Adwokat Jakub Kostecki, Adres: ul. Matejki 39\/9, 70-600 \u015awinouj\u015bcie, NIP: 855 156 20 28.<\/p>\n<p>&nbsp;<\/p>\n<p><strong>DANE KONTAKTOWE ADMINISTRATORA<\/strong><\/p>\n<p>Mo\u017cna si\u0119 z\u00a0nami skontaktowa\u0107:<\/p>\n<ol>\n<li>telefonicznie: (+48) 503-459-916;<\/li>\n<li>pod adresem e-mail: adw.kostecki@gmail.com;<\/li>\n<li>w siedzibie Kancelarii pod adresem: ul. Matejki 39\/9, 70-600 \u015awinouj\u015bcie.<\/li>\n<\/ol>\n<p>&nbsp;<\/p>\n<p><strong>CELE PRZETWARZANIA DANYCH, PODSTAWA PRAWNA ORAZ PRAWNIE UZASADNIONE INTERESY<\/strong><\/p>\n<p>Informujemy, \u017ce\u00a0Pa\u0144stwa dane osobowe przetwarzane b\u0119d\u0105, gdy jest to\u00a0niezb\u0119dne do:<\/p>\n<ol>\n<li>zawarcia i\u00a0wykonania umowy, tj. na\u00a0podstawie art. 6 ust. 1 lit. b RODO, w\u00a0tym w\u00a0szczeg\u00f3lno\u015bci umowy obs\u0142ugi prawnej b\u0105d\u017a umowy o\u00a0\u015bwiadczenie us\u0142ug na\u00a0rzecz Kancelarii przez dostawc\u00f3w takich us\u0142ug;<\/li>\n<li>wype\u0142nienia obowi\u0105zk\u00f3w prawnych ci\u0105\u017c\u0105cych na\u00a0administratorze danych osobowych na\u00a0podstawie art. 6 ust. 1 lit. c RODO, wynikaj\u0105cych z\u00a0prawa Unii lub prawa polskiego;<\/li>\n<li>do\u00a0cel\u00f3w wynikaj\u0105cych z\u00a0prawnie uzasadnionych interes\u00f3w realizowanych przez administratora lub stron\u0119 trzeci\u0105 na\u00a0podstawie art. 6 ust. 1 lit. f RODO, za\u00a0kt\u00f3re administrator uznaje w\u00a0szczeg\u00f3lno\u015bci: dochodzenie, ustalenie i\u00a0obron\u0119 przed roszczeniami, zapobieganie oszustwom, zapewnienie bezpiecze\u0144stwa \u015brodowiska teleinformatycznego, stosowanie system\u00f3w kontroli wewn\u0119trznej, jak r\u00f3wnie\u017c \u015bwiadczenie us\u0142ug na\u00a0rzecz klienta, w\u00a0sytuacji, w\u00a0kt\u00f3rych interes klienta jest nadrz\u0119dny wobec interes\u00f3w, praw i\u00a0wolno\u015bci osoby, kt\u00f3rych dane dotycz\u0105.<\/li>\n<\/ol>\n<p>&nbsp;<\/p>\n<p><strong>KATEGORIE PRZETWARZANYCH DANYCH OSOBOWYCH<\/strong><\/p>\n<ul>\n<li>Kancelaria przetwarza nast\u0119puj\u0105ce kategorie danych osobowych \u2013 je\u015bli jest to\u00a0konieczne z\u00a0punktu widzenia \u015bwiadczonych us\u0142ug:<\/li>\n<li>dane maj\u0105ce na\u00a0celu potwierdzenie to\u017csamo\u015bci takie jak imi\u0119 i\u00a0nazwisko, numer PESEL, numer dowodu osobistego, dat\u0119 urodzenia;<\/li>\n<li>dane kontaktowe, takie jak: numer telefonu, adres email, adres zamieszkania;<\/li>\n<li>dane identyfikacji podatkowej;<\/li>\n<li>dane dotycz\u0105ce wykszta\u0142cenia oraz do\u015bwiadczenia zawodowego dane dotycz\u0105ce sytuacji maj\u0105tkowej i\u00a0finansowej;<\/li>\n<li>dane dotycz\u0105ce dzia\u0142alno\u015bci zawodowej, gospodarczej;<\/li>\n<li>dane dotycz\u0105ce stanu cywilnego \u2013 je\u015bli jest to\u00a0konieczne z\u00a0punktu widzenia \u015bwiadczonych us\u0142ug;<\/li>\n<\/ul>\n<p>&nbsp;<\/p>\n<p>Ponadto Kancelaria mo\u017ce przetwarza\u0107 inne kategorie danych osobowych, o\u00a0ile nie mo\u017cna zakwalifikowa\u0107 tych danych do\u00a0\u017cadnej ze wskazanych grup, a\u00a0przetwarzanie jest dokonywane w\u00a0celach okre\u015blonych niniejsz\u0105 informacj\u0105;<\/p>\n<p><strong>\u00a0<\/strong><\/p>\n<p><strong>KATEGORIE ODBIORC\u00d3W DANYCH<\/strong><\/p>\n<p>Odbiorcami danych mog\u0105 by\u0107 podmioty z\u00a0nast\u0119puj\u0105cych kategorii:<\/p>\n<ul>\n<li>wsp\u00f3\u0142pracuj\u0105cy z \u00a0Kancelari\u0105 adwokaci, radcowie prawni, notariusze oraz inne podmioty \u015bwiadcz\u0105ce us\u0142ugi prawne i\u00a0samodzielnie decyduj\u0105ce o\u00a0celach i\u00a0sposobach przetwarzania danych;<\/li>\n<li>nabywcy wierzytelno\u015bci kancelarii;<\/li>\n<li>podmioty upowa\u017cnione na\u00a0podstawie obowi\u0105zuj\u0105cych przepis\u00f3w prawa (w szczeg\u00f3lno\u015bci s\u0105dy i\u00a0organy pa\u0144stwowe);<\/li>\n<li>podmioty \u015bwiadcz\u0105ce us\u0142ugi:\n<ul>\n<li>\u2013 informatyczne oraz nowych technologii;<\/li>\n<li>\u2013 p\u0142atnicze;<\/li>\n<li>\u2013 ksi\u0119gowo- finansowe;<\/li>\n<li>\u2013 audytorskie i\u00a0kontrolne;<\/li>\n<li>\u2013 windykacyjne;<\/li>\n<li>\u2013 drukarskie;<\/li>\n<li>\u2013 niszczenia dokument\u00f3w;<\/li>\n<li>\u2013 pocztowe oraz kurierskie.<\/li>\n<\/ul>\n<\/li>\n<\/ul>\n<p><strong>\u00a0<\/strong><\/p>\n<p><strong>PRZEKAZYWANIE DANYCH POZA EUROPEJSKI OBSZAR GOSPODARCZY<\/strong><\/p>\n<p>Kancelaria zasadniczo nie przekazuje danych osobowych poza Europejski Obszar Gospodarczy. Kancelaria mo\u017ce jednak zleca\u0107 wykonanie okre\u015blonych us\u0142ug b\u0105d\u017a zada\u0144 informatycznych us\u0142ugodawcom maj\u0105cym siedzib\u0119 poza Europejskim Obszarem Gospodarczym. W\u00a0takim przypadku dane s\u0105 przekazywane do\u00a0pa\u0144stwa trzeciego, w\u00a0stosunku do\u00a0kt\u00f3rego na\u00a0podstawie decyzji Komisji Europejskiej stwierdzono odpowiedni stopie\u0144 ochrony danych. W\u00a0ka\u017cdej chwili mog\u0105 Pa\u0144stwo za\u017c\u0105da\u0107 dalszych informacji i\u00a0kopii odpowiednich zabezpiecze\u0144.<\/p>\n<p>&nbsp;<\/p>\n<p><strong>OKRES PRZECHOWYWANIA DANYCH<\/strong><\/p>\n<ol>\n<li>celem wykonania umowy\/ um\u00f3w \u2013 do\u00a0momentu ich rozwi\u0105zania b\u0105d\u017a wyga\u015bni\u0119cia;<\/li>\n<li>ustalenia, dochodzenia lub obrony przed roszczeniami \u2013 do\u00a0momentu przedawnienia roszcze\u0144 b\u0105d\u017a wniesienia sprzeciwu;<\/li>\n<li>celem wype\u0142nienia ci\u0105\u017c\u0105cych na\u00a0Kancelarii obowi\u0105zk\u00f3w prawnych \u2013 do\u00a0momentu wyga\u015bni\u0119cia obowi\u0105zk\u00f3w wynikaj\u0105cych z\u00a0przepis\u00f3w prawa.<\/li>\n<\/ol>\n<p>&nbsp;<\/p>\n<p><strong>PRZYS\u0141UGUJ\u0104CE PRAWA<\/strong><\/p>\n<ul>\n<li>prawo dost\u0119pu do\u00a0tre\u015bci swoich danych osobowych, ich sprostowania i\u00a0uzupe\u0142nienia, ograniczenia ich przetwarzania i\u00a0usuni\u0119cia;<\/li>\n<li>prawo do\u00a0przenoszenia danych osobowych, kt\u00f3re zosta\u0142y przez Pa\u0144stwa przekazane Kancelarii, tj. prawo do\u00a0ich otrzymania w\u00a0ustrukturyzowanym powszechnym formacie oraz ich przes\u0142ania innemu administratorowi. Prawo to\u00a0mo\u017ce zosta\u0107 zrealizowane wy\u0142\u0105cznie w\u00a0przypadkach, gdy przetwarzanie odbywa si\u0119 na\u00a0podstawie zgody b\u0105d\u017a umowy oraz o\u00a0ile jest ca\u0142kowicie zautomatyzowane.<\/li>\n<\/ul>\n<p>Celem skorzystania z\u00a0powy\u017cszych praw nale\u017cy skontaktowa\u0107 si\u0119 z\u00a0Kancelari\u0105.<\/p>\n<p><strong>PRAWO DO\u00a0WNIESIENIA SKARGI I PRAWO SPRZECIWU<\/strong><\/p>\n<p>Prawo wniesienia skargi do\u00a0organu nadzorczego zajmuj\u0105cego si\u0119 ochron\u0105 danych osobowych w\u00a0przypadku uznania, i\u017c przetwarzanie danych osobowych narusza RODO<\/p>\n<p>Istnieje mo\u017cliwo\u015b\u0107 wniesienia sprzeciwu wobec przetwarzania danych osobowych, o\u00a0ile przetwarzanie to\u00a0odbywa si\u0119 w\u00a0celach wynikaj\u0105cych z\u00a0prawnie uzasadnionych interes\u00f3w realizowanych przez administratora lub stron\u0119 trzeci\u0105, tj. na\u00a0podstawie art. 6 ust. 1 lit.f RODO.<\/p>\n<p>Przyczyn\u0105 takiego sprzeciwu musi by\u0107 szczeg\u00f3lna sytuacja. Po\u00a0otrzymaniu sprzeciwu Kancelaria przestanie przetwarza\u0107 Pa\u0144stwa dane w\u00a0powy\u017cszych celach, co\u00a0do\u00a0kt\u00f3rych wyra\u017cony zosta\u0142 sprzeciw, chyba \u017ce\u00a0zostanie wykazane istnienie wa\u017cnych prawnie uzasadnionych podstaw do\u00a0przetwarzania, nadrz\u0119dnych wobec Pa\u0144stwa interes\u00f3w, praw i\u00a0wolno\u015bci lub podstaw do\u00a0ustalenia, dochodzenia lub obrony przed roszczeniami.<\/p>\n<p><strong>\u00a0<\/strong><\/p>\n<p><strong>PRAWO DO\u00a0COFNI\u0118CIA ZGODY I DOBROWOLNO\u015aCI PODANIA DANYCH<\/strong><\/p>\n<p>O ile przetwarzanie danych odbywa si\u0119 na\u00a0podstawie zgody osoby, kt\u00f3rej dane dotycz\u0105 osoba ta ma mo\u017cliwo\u015b\u0107 cofni\u0119cia zgody w\u00a0dowolnym momencie, przy czym cofni\u0119cie zgody pozostaje bez\u00a0wp\u0142ywu na\u00a0zgodno\u015b\u0107 z\u00a0prawem przetwarzania danych, dokonanego na\u00a0podstawie tej zgody przed jej cofni\u0119ciem.<\/p>\n<p>W zakresie przetwarzania danych osobowych w\u00a0celu wype\u0142nienia obowi\u0105zk\u00f3w prawnych ci\u0105\u017c\u0105cych na\u00a0administratorze danych osobowych na\u00a0podstawie art. 6 ust. 1 lit. c RODO, wynikaj\u0105cych z\u00a0prawa Unii lub prawa polskiego, obowi\u0105zek podania danych jest wymogiem ustawowym.<\/p>\n<p>&nbsp;<\/p>\n<p>W\u00a0przypadku przetwarzania danych w\u00a0celu zawarcia i\u00a0wykonania umowy, tj. na\u00a0podstawie art. 6 ust. 1 lit. b RODO, w\u00a0tym w\u00a0szczeg\u00f3lno\u015bci umowy obs\u0142ugi prawnej b\u0105d\u017a umowy o\u00a0\u015bwiadczenie us\u0142ug na\u00a0rzecz Kancelarii przez dostawc\u00f3w takich us\u0142ug oraz wynikaj\u0105cych z\u00a0prawnie uzasadnionych interes\u00f3w realizowanych przez administratora lub stron\u0119 trzeci\u0105 na\u00a0podstawie art. 6 ust. 1 lit. f RODO, za\u00a0kt\u00f3re administrator uznaje w\u00a0szczeg\u00f3lno\u015bci: dochodzenie, ustalenie i\u00a0obron\u0119 przed roszczeniami, zapobieganie oszustwom, zapewnienie bezpiecze\u0144stwa \u015brodowiska teleinformatycznego, stosowanie system\u00f3w kontroli wewn\u0119trznej, jak r\u00f3wnie\u017c \u015bwiadczenie us\u0142ug na\u00a0rzecz klienta, w\u00a0sytuacji, w\u00a0kt\u00f3rych interes klienta jest nadrz\u0119dny wobec interes\u00f3w, praw i\u00a0wolno\u015bci osoby, kt\u00f3rych dane dotycz\u0105 \u2013 obowi\u0105zek podania danych jest wymogiem umownym \u2013 podanie danych osobowych we wszystkich celach, o\u00a0kt\u00f3rych mowa powy\u017cej, jest dobrowolne, jednak jest niezb\u0119dne do\u00a0zawarcia i\u00a0realizacji umowy z\u00a0Kancelari\u0105.<\/p>\n","protected":false},"excerpt":{"rendered":"<p>Klauzula informacyjna dla Klient\u00f3w na podstawie przepisu art. 13 RODO \u2013 Rozporz\u0105dzenia Parlamentu Europejskiego i Rady (UE) 2016\/679 z dnia 27 kwietnia 2016 r. w sprawie ochrony os\u00f3b fizycznych w zwi\u0105zku z przetwarzaniem danych osobowych i w sprawie swobodnego przep\u0142ywu takich danych oraz uchylenia dyrektywy 95\/46\/WE (og\u00f3lne rozporz\u0105dzenie o ochronie danych) (Dz. U. UE. L. &hellip;<\/p>\n","protected":false},"author":1,"featured_media":0,"parent":0,"menu_order":0,"comment_status":"closed","ping_status":"closed","template":"","meta":{"footnotes":""},"class_list":["post-90","page","type-page","status-publish","hentry","no-thumb"],"_links":{"self":[{"href":"https:\/\/adwokat-kostecki.pl\/index.php\/wp-json\/wp\/v2\/pages\/90","targetHints":{"allow":["GET"]}}],"collection":[{"href":"https:\/\/adwokat-kostecki.pl\/index.php\/wp-json\/wp\/v2\/pages"}],"about":[{"href":"https:\/\/adwokat-kostecki.pl\/index.php\/wp-json\/wp\/v2\/types\/page"}],"author":[{"embeddable":true,"href":"https:\/\/adwokat-kostecki.pl\/index.php\/wp-json\/wp\/v2\/users\/1"}],"replies":[{"embeddable":true,"href":"https:\/\/adwokat-kostecki.pl\/index.php\/wp-json\/wp\/v2\/comments?post=90"}],"version-history":[{"count":1,"href":"https:\/\/adwokat-kostecki.pl\/index.php\/wp-json\/wp\/v2\/pages\/90\/revisions"}],"predecessor-version":[{"id":91,"href":"https:\/\/adwokat-kostecki.pl\/index.php\/wp-json\/wp\/v2\/pages\/90\/revisions\/91"}],"wp:attachment":[{"href":"https:\/\/adwokat-kostecki.pl\/index.php\/wp-json\/wp\/v2\/media?parent=90"}],"curies":[{"name":"wp","href":"https:\/\/api.w.org\/{rel}","templated":true}]}}